{"id":9599,"date":"2024-10-12T17:34:36","date_gmt":"2024-10-12T14:34:36","guid":{"rendered":"https:\/?post_type=product&#038;p=9599"},"modified":"2025-12-02T17:40:31","modified_gmt":"2025-12-02T14:40:31","slug":"muzhskoj-kostyum-over-delicate-blue","status":"publish","type":"product","link":"https:\/\/krassu.la\/lv\/products\/muzhskoj-kostyum-over-delicate-blue\/","title":{"rendered":"\u041c\u0443\u0436\u0441\u043a\u043e\u0439 \u043a\u043e\u0441\u0442\u044e\u043c Over DELICATE BLUE"},"content":{"rendered":"<h5 dir=\"ltr\">Krassula - ir lieliska izv\u0113le jebkuram gadalaikam!<\/h5>\n<h5 dir=\"ltr\">J\u016bs b\u016bsiet pat\u012bkami p\u0101rsteigti par m\u016bsu produktu kvalit\u0101ti. Neticami m\u012bksts materi\u0101ls un liela kr\u0101su izv\u0113le iepriecin\u0101s J\u016bs!<\/h5>\n<h5 dir=\"ltr\">Lielaj\u0101 kabat\u0101 ie\u0161uv\u0101m mazu kabati\u0146u telefonam. Silta dubult\u0101 kapuce no galven\u0101 auduma.<\/h5>\n<h5 dir=\"ltr\">Dubult\u0101 silt\u0101 galven\u0101 auduma kapuce.<\/h5>\n<h5 dir=\"ltr\">Izgatavots no augstas kvalit\u0101tes kokvilnas trikot\u0101\u017eas ar vilnu.<\/h5>\n<h5 dir=\"ltr\">Sast\u0101vs: 80% kokvilna, 20% poliesters.<\/h5>\n<h5 dir=\"ltr\">Ieprieciniet sevi un savus m\u012b\u013cos ar KRASSULU.<\/h5>","protected":false},"excerpt":{"rendered":"<p>Krassula &#8212; \u043f\u0440\u0435\u043a\u0440\u0430\u0441\u043d\u044b\u0439 \u0432\u044b\u0431\u043e\u0440 \u0434\u043b\u044f \u043b\u044e\u0431\u043e\u0433\u043e \u0432\u0440\u0435\u043c\u0435\u043d\u0438 \u0433\u043e\u0434\u0430! \u0412\u044b \u0431\u0443\u0434\u0435\u0442\u0435 \u043f\u0440\u0438\u044f\u0442\u043d\u043e \u0443\u0434\u0438\u0432\u043b\u0435\u043d\u044b \u043a\u0430\u0447\u0435\u0441\u0442\u0432\u043e\u043c \u043d\u0430\u0448\u0438\u0445 \u0438\u0437\u0434\u0435\u043b\u0438\u0439. \u041d\u0435\u0432\u0435\u0440\u043e\u044f\u0442\u043d\u043e \u043c\u044f\u0433\u043a\u0438\u0439 \u043c\u0430\u0442\u0435\u0440\u0438\u0430\u043b \u0438 \u0431\u043e\u043b\u044c\u0448\u043e\u0439 \u0432\u044b\u0431\u043e\u0440 \u0446\u0432\u0435\u0442\u0430 \u043d\u0435 \u043e\u0441\u0442\u0430\u0432\u0438\u0442 \u0412\u0430\u0441 \u0440\u0430\u0432\u043d\u043e\u0434\u0443\u0448\u043d\u044b\u043c! \u0412 \u0431\u043e\u043b\u044c\u0448\u043e\u0439 \u043a\u0430\u0440\u043c\u0430\u043d \u0445\u0443\u0434\u0438 \u043c\u044b \u0432\u0448\u0438\u043b\u0438 \u043c\u0430\u043b\u0435\u043d\u044c\u043a\u0438\u0439 \u043a\u0430\u0440\u043c\u0430\u043d \u0434\u043b\u044f \u0442\u0435\u043b\u0435\u0444\u043e\u043d\u0430. \u0414\u0432\u043e\u0439\u043d\u043e\u0439 \u0442\u0451\u043f\u043b\u044b\u0439 \u043a\u0430\u043f\u044e\u0448\u043e\u043d \u0438\u0437 \u043e\u0441\u043d\u043e\u0432\u043d\u043e\u0439 \u0442\u043a\u0430\u043d\u0438. \u0418\u0437\u0433\u043e\u0442\u043e\u0432\u043b\u0435\u043d\u043e \u0438\u0437 \u0432\u044b\u0441\u043e\u043a\u043e\u043a\u0430\u0447\u0435\u0441\u0442\u0432\u0435\u043d\u043d\u043e\u0433\u043e \u0445\u043b\u043e\u043f\u043a\u043e\u0432\u043e\u0433\u043e \u0442\u0440\u0438\u043a\u043e\u0442\u0430\u0436\u0430 \u0441 \u043d\u0430\u0447\u0451\u0441\u043e\u043c. \u0421\u043e\u0441\u0442\u0430\u0432: \u0424\u0443\u0442\u0435\u0440 \u0442\u0440\u0435\u0445 \u043d\u0438\u0442\u043a\u0430 \u0441 \u043d\u0430\u0447\u0435\u0308\u0441\u043e\u043c, &#8230; <a title=\"\u041c\u0443\u0436\u0441\u043a\u043e\u0439 \u043a\u043e\u0441\u0442\u044e\u043c Over DELICATE BLUE\" class=\"read-more\" href=\"https:\/\/krassu.la\/lv\/products\/muzhskoj-kostyum-over-delicate-blue\/\" aria-label=\"Read more about \u041c\u0443\u0436\u0441\u043a\u043e\u0439 \u043a\u043e\u0441\u0442\u044e\u043c Over DELICATE BLUE\">Las\u012bt t\u0101l\u0101k<\/a><\/p>","protected":false},"featured_media":9617,"comment_status":"open","ping_status":"closed","template":"","meta":{"_acf_changed":false},"product_brand":[],"product_cat":[19,26],"product_tag":[],"class_list":{"0":"post-9599","1":"product","2":"type-product","3":"status-publish","4":"has-post-thumbnail","6":"product_cat-muzhskie","7":"product_cat-muzhskie-hoodie-kostumi","8":"pa_color-delicate-blue","9":"pa_hood-casual-hood","10":"pa_hoodie_height-170-176","11":"pa_hoodie_height-178-184","12":"pa_hoodie_height-186-192","13":"pa_hoodie_height-194-200","14":"pa_hoodie_sizes-m-hoodie-size","15":"pa_hoodie_sizes-l-hoodie-size","16":"pa_hoodie_sizes-xl-hoodie-size","17":"pa_hoodie_sizes-xxl-hoodie-size","18":"pa_material_hoodir-warm-fabric","20":"first","21":"instock","22":"taxable","23":"shipping-taxable","24":"purchasable","25":"product-type-variable"},"acf":[],"_links":{"self":[{"href":"https:\/\/krassu.la\/lv\/wp-json\/wp\/v2\/product\/9599","targetHints":{"allow":["GET"]}}],"collection":[{"href":"https:\/\/krassu.la\/lv\/wp-json\/wp\/v2\/product"}],"about":[{"href":"https:\/\/krassu.la\/lv\/wp-json\/wp\/v2\/types\/product"}],"replies":[{"embeddable":true,"href":"https:\/\/krassu.la\/lv\/wp-json\/wp\/v2\/comments?post=9599"}],"version-history":[{"count":0,"href":"https:\/\/krassu.la\/lv\/wp-json\/wp\/v2\/product\/9599\/revisions"}],"wp:featuredmedia":[{"embeddable":true,"href":"https:\/\/krassu.la\/lv\/wp-json\/wp\/v2\/media\/9617"}],"wp:attachment":[{"href":"https:\/\/krassu.la\/lv\/wp-json\/wp\/v2\/media?parent=9599"}],"wp:term":[{"taxonomy":"product_brand","embeddable":true,"href":"https:\/\/krassu.la\/lv\/wp-json\/wp\/v2\/product_brand?post=9599"},{"taxonomy":"product_cat","embeddable":true,"href":"https:\/\/krassu.la\/lv\/wp-json\/wp\/v2\/product_cat?post=9599"},{"taxonomy":"product_tag","embeddable":true,"href":"https:\/\/krassu.la\/lv\/wp-json\/wp\/v2\/product_tag?post=9599"}],"curies":[{"name":"wp","href":"https:\/\/api.w.org\/{rel}","templated":true}]}}