{"id":7573,"date":"2023-03-26T21:52:24","date_gmt":"2023-03-26T18:52:24","guid":{"rendered":"https:\/?post_type=product&#038;p=7573"},"modified":"2025-11-28T12:42:13","modified_gmt":"2025-11-28T09:42:13","slug":"barhatnyj-kostyum-orchid","status":"publish","type":"product","link":"https:\/\/krassu.la\/lv\/products\/barhatnyj-kostyum-orchid\/","title":{"rendered":"Samta kost\u012bms ORCHID"},"content":{"rendered":"<p>Samta trikot\u0101\u017eas, br\u012bvi piegulo\u0161s kost\u012bms no KRASSULA ir stil\u012bgs pamats j\u016bsu ikdienas t\u0113rpam. Tas ir univers\u0101ls, piem\u0113rots gan m\u0101j\u0101s, gan izbraucieniem un ce\u013cojumiem. Izgatavots no m\u012bksta kokvilnas samta. Sast\u0101v no d\u017eempera un biks\u0113m.<br \/>\nD\u017eemperim ir pagarin\u0101ta mugura, 3\/4 piedurknes un neparasta apkakle.<br \/>\nBikses ir br\u012bvas, ar aproc\u0113m, elast\u012bgu jostu un dzi\u013c\u0101m kabat\u0101m. Bik\u0161u garumu var izv\u0113l\u0113ties individu\u0101li (izv\u0113loties izm\u0113ru, l\u016bdzu, piev\u0113rsiet uzman\u012bbu nor\u0101d\u012btajam augstumam).<br \/>\n\u0160is uzvalks k\u013c\u016bs par j\u016bsu garderobes iecien\u012bt\u0101ko elementu. Ja dodaties atva\u013cin\u0101jum\u0101, uz k\u016brortu vai vienk\u0101r\u0161i gatavojaties pavasara-vasaras sezonai, jums neiztikt bez samta uzvalka no KRASSULA. Tas ir lieliski piem\u0113rots ar\u012b k\u0101 d\u0101vana j\u016bsu m\u012b\u013cajiem.<br \/>\nSast\u0101vs: kokvilna 80%, poliesteris 20%<\/p>","protected":false},"excerpt":{"rendered":"<p>\u0411\u0430\u0440\u0445\u0430\u0442\u043d\u044b\u0439 \u0442\u0440\u0438\u043a\u043e\u0442\u0430\u0436\u043d\u044b\u0439 \u043a\u043e\u0441\u0442\u044e\u043c \u0441\u0432\u043e\u0431\u043e\u0434\u043d\u043e\u0433\u043e \u0441\u0442\u0438\u043b\u044f \u043e\u0442 KRASSULA &#8212; \u0441\u0442\u0438\u043b\u044c\u043d\u0430\u044f \u043e\u0441\u043d\u043e\u0432\u0430 \u0432\u0430\u0448\u0435\u0433\u043e \u043e\u0431\u0440\u0430\u0437\u0430 \u043d\u0430 \u043a\u0430\u0436\u0434\u044b\u0439 \u0434\u0435\u043d\u044c. \u041e\u043d \u0443\u043d\u0438\u0432\u0435\u0440\u0441\u0430\u043b\u0435\u043d, \u043f\u043e\u0434\u043e\u0439\u0434\u0435\u0442 \u0434\u043b\u044f \u0434\u043e\u043c\u0430\u0448\u043d\u0435\u0433\u043e \u043e\u0442\u0434\u044b\u0445\u0430, \u043f\u0440\u043e\u0433\u0443\u043b\u043e\u043a \u0438 \u043f\u0443\u0442\u0435\u0448\u0435\u0441\u0442\u0432\u0438\u0439. \u0412\u044b\u043f\u043e\u043b\u043d\u0435\u043d \u0438\u0437 \u043c\u044f\u0433\u043a\u043e\u0433\u043e \u0445\u043b\u043e\u043f\u043a\u043e\u0432\u043e\u0433\u043e \u0431\u0430\u0440\u0445\u0430\u0442\u0430. \u0421\u043e\u0441\u0442\u043e\u0438\u0442 \u0438\u0437 \u043a\u043e\u0444\u0442\u044b \u0438 \u0448\u0442\u0430\u043d\u043e\u0432. \u041a\u043e\u0444\u0442\u0430 &#8212; \u0443\u0434\u043b\u0438\u043d\u0435\u043d\u043d\u0430\u044f \u043f\u043e \u0441\u043f\u0438\u043d\u043a\u0435, \u0440\u0443\u043a\u0430\u0432\u0430 3\/4, \u043d\u0435\u043e\u0431\u044b\u0447\u043d\u044b\u0439 \u0432\u043e\u0440\u043e\u0442. \u0428\u0442\u0430\u043d\u044b \u0441\u0432\u043e\u0431\u043e\u0434\u043d\u043e\u0433\u043e \u043a\u0440\u043e\u044f \u0441 \u043c\u0430\u043d\u0436\u0435\u0442\u0430\u043c\u0438, \u043f\u043e\u044f\u0441 \u043d\u0430 \u0440\u0435\u0437\u0438\u043d\u043a\u0435, \u0433\u043b\u0443\u0431\u043e\u043a\u0438\u0435 \u043a\u0430\u0440\u043c\u0430\u043d\u044b. \u0414\u043b\u0438\u043d\u0443 \u0448\u0442\u0430\u043d\u043e\u0432 &#8230; <a title=\"Samta kost\u012bms ORCHID\" class=\"read-more\" href=\"https:\/\/krassu.la\/lv\/products\/barhatnyj-kostyum-orchid\/\" aria-label=\"Read more about \u0411\u0430\u0440\u0445\u0430\u0442\u043d\u044b\u0439 \u043a\u043e\u0441\u0442\u044e\u043c ORCHID\">Las\u012bt t\u0101l\u0101k<\/a><\/p>","protected":false},"featured_media":7651,"comment_status":"open","ping_status":"closed","template":"","meta":{"_acf_changed":false},"product_brand":[],"product_cat":[18,22],"product_tag":[],"class_list":{"0":"post-7573","1":"product","2":"type-product","3":"status-publish","4":"has-post-thumbnail","6":"product_cat-zhenskie","7":"product_cat-kostumi","8":"pa_color-orchid","9":"pa_hoodie_sizes-s-hoodie-size","10":"pa_hoodie_sizes-m-hoodie-size","11":"pa_hoodie_sizes-l-hoodie-size","12":"pa_hoodie_sizes-xl-hoodie-size","13":"pa_hoodie_sizes-xxl-hoodie-size","14":"pa_hoodie_sizes-3xl-hoodie-size","15":"pa_hoodie_sizes-4xl-hoodie-size","16":"pa_hoodie_sizes-5xl-hoodie-size","18":"first","19":"instock","20":"sale","21":"taxable","22":"shipping-taxable","23":"purchasable","24":"product-type-variable"},"acf":[],"_links":{"self":[{"href":"https:\/\/krassu.la\/lv\/wp-json\/wp\/v2\/product\/7573","targetHints":{"allow":["GET"]}}],"collection":[{"href":"https:\/\/krassu.la\/lv\/wp-json\/wp\/v2\/product"}],"about":[{"href":"https:\/\/krassu.la\/lv\/wp-json\/wp\/v2\/types\/product"}],"replies":[{"embeddable":true,"href":"https:\/\/krassu.la\/lv\/wp-json\/wp\/v2\/comments?post=7573"}],"version-history":[{"count":1,"href":"https:\/\/krassu.la\/lv\/wp-json\/wp\/v2\/product\/7573\/revisions"}],"predecessor-version":[{"id":9989,"href":"https:\/\/krassu.la\/lv\/wp-json\/wp\/v2\/product\/7573\/revisions\/9989"}],"wp:featuredmedia":[{"embeddable":true,"href":"https:\/\/krassu.la\/lv\/wp-json\/wp\/v2\/media\/7651"}],"wp:attachment":[{"href":"https:\/\/krassu.la\/lv\/wp-json\/wp\/v2\/media?parent=7573"}],"wp:term":[{"taxonomy":"product_brand","embeddable":true,"href":"https:\/\/krassu.la\/lv\/wp-json\/wp\/v2\/product_brand?post=7573"},{"taxonomy":"product_cat","embeddable":true,"href":"https:\/\/krassu.la\/lv\/wp-json\/wp\/v2\/product_cat?post=7573"},{"taxonomy":"product_tag","embeddable":true,"href":"https:\/\/krassu.la\/lv\/wp-json\/wp\/v2\/product_tag?post=7573"}],"curies":[{"name":"wp","href":"https:\/\/api.w.org\/{rel}","templated":true}]}}