{"id":6656,"date":"2022-12-24T20:48:07","date_gmt":"2022-12-24T17:48:07","guid":{"rendered":"https:\/?post_type=product&#038;p=6656"},"modified":"2025-10-06T20:15:19","modified_gmt":"2025-10-06T17:15:19","slug":"muzhskoj-hudi-s-vysokim-kapyushonom-oil-green","status":"publish","type":"product","link":"https:\/\/krassu.la\/lv\/products\/muzhskoj-hudi-s-vysokim-kapyushonom-oil-green\/","title":{"rendered":"V\u012brie\u0161u hoodie ar augstu kapuci OIL GREEN"},"content":{"rendered":"<h5 dir=\"ltr\">Krassula Hoodie ir ide\u0101la izv\u0113le jebkurai sezonai!<\/h5>\n<h5 dir=\"ltr\">J\u016bs b\u016bsiet pat\u012bkami p\u0101rsteigti par m\u016bsu produktu kvalit\u0101ti. Neticami m\u012bksts materi\u0101ls un liela kr\u0101su izv\u0113le iepriecin\u0101s J\u016bs!<\/h5>\n<h5 dir=\"ltr\">Lielaj\u0101 kabat\u0101 ie\u0161uv\u0101m mazu kabati\u0146u telefonam. Silta dubult\u0101 kapuce no galven\u0101 auduma.<\/h5>\n<h5 dir=\"ltr\">Dubult\u0101 silt\u0101 galven\u0101 auduma kapuce.<\/h5>\n<h5 dir=\"ltr\">Izgatavots no augstas kvalit\u0101tes kokvilnas trikot\u0101\u017eas ar vilnu.<\/h5>\n<h5 dir=\"ltr\">Sast\u0101vs: 80% kokvilna, 20% poliesters.<\/h5>\n<h5><span data-sheets-value=\"{&quot;1&quot;:2,&quot;2&quot;:&quot;\u0425\u0443\u0434\u0438 KRASSULA \u043c\u043e\u0436\u043d\u043e \u043f\u0440\u0438\u043e\u0431\u0440\u0435\u0441\u0442\u0438 \u0432 \u043a\u043e\u043c\u043f\u043b\u0435\u043a\u0442\u0435 \u0441 \u043d\u0430\u0448\u0438\u043c\u0438 \u0448\u0442\u0430\u043d\u0430\u043c\u0438 \u0430\u043d\u0430\u043b\u043e\u0433\u0438\u0447\u043d\u043e\u0433\u043e \u0446\u0432\u0435\u0442\u0430. \u041f\u0440\u043e\u0441\u0442\u043e \u043d\u0430\u0431\u0438\u0440\u0438\u0442\u0435 \u0432 \u043f\u043e\u0438\u0441\u043a\u043e\u0432\u0438\u043a\u0435 \u043d\u0430\u0437\u0432\u0430\u043d\u0438\u0435 \u043d\u0430\u0448\u0435\u0433\u043e \u0431\u0440\u0435\u043d\u0434\u0430 KRASSULA&quot;}\" data-sheets-userformat=\"{&quot;2&quot;:13185,&quot;3&quot;:{&quot;1&quot;:0},&quot;10&quot;:1,&quot;11&quot;:4,&quot;12&quot;:0,&quot;15&quot;:&quot;Calibri&quot;,&quot;16&quot;:11}\">KRASSULA hoodie ir pieejams komplekt\u0101 ar m\u016bsu biks\u0113m vien\u0101da kr\u0101s\u0101.\u00a0<\/span><\/h5>\n<h5 dir=\"ltr\">Ieprieciniet sevi un savus m\u012b\u013cos ar KRASSULU.<\/h5>","protected":false},"excerpt":{"rendered":"<p>\u0425\u0443\u0434\u0438 \u043e\u0442 Krassula &#8212; \u043f\u0440\u0435\u043a\u0440\u0430\u0441\u043d\u044b\u0439 \u0432\u044b\u0431\u043e\u0440 \u0434\u043b\u044f \u043b\u044e\u0431\u043e\u0433\u043e \u0432\u0440\u0435\u043c\u0435\u043d\u0438 \u0433\u043e\u0434\u0430! \u0412\u044b \u0431\u0443\u0434\u0435\u0442\u0435 \u043f\u0440\u0438\u044f\u0442\u043d\u043e \u0443\u0434\u0438\u0432\u043b\u0435\u043d\u044b \u043a\u0430\u0447\u0435\u0441\u0442\u0432\u043e\u043c \u043d\u0430\u0448\u0438\u0445 \u0438\u0437\u0434\u0435\u043b\u0438\u0439. \u041d\u0435\u0432\u0435\u0440\u043e\u044f\u0442\u043d\u043e \u043c\u044f\u0433\u043a\u0438\u0439 \u043c\u0430\u0442\u0435\u0440\u0438\u0430\u043b \u0438 \u0431\u043e\u043b\u044c\u0448\u043e\u0439 \u0432\u044b\u0431\u043e\u0440 \u0446\u0432\u0435\u0442\u0430 \u043d\u0435 \u043e\u0441\u0442\u0430\u0432\u0438\u0442 \u0412\u0430\u0441 \u0440\u0430\u0432\u043d\u043e\u0434\u0443\u0448\u043d\u044b\u043c! \u0412 \u0431\u043e\u043b\u044c\u0448\u043e\u0439 \u043a\u0430\u0440\u043c\u0430\u043d \u0445\u0443\u0434\u0438 \u043c\u044b \u0432\u0448\u0438\u043b\u0438 \u043c\u0430\u043b\u0435\u043d\u044c\u043a\u0438\u0439 \u043a\u0430\u0440\u043c\u0430\u043d \u0434\u043b\u044f \u0442\u0435\u043b\u0435\u0444\u043e\u043d\u0430. \u0414\u0432\u043e\u0439\u043d\u043e\u0439 \u0442\u0451\u043f\u043b\u044b\u0439 \u043a\u0430\u043f\u044e\u0448\u043e\u043d \u0438\u0437 \u043e\u0441\u043d\u043e\u0432\u043d\u043e\u0439 \u0442\u043a\u0430\u043d\u0438. \u0418\u0437\u0433\u043e\u0442\u043e\u0432\u043b\u0435\u043d\u043e \u0438\u0437 \u0432\u044b\u0441\u043e\u043a\u043e\u043a\u0430\u0447\u0435\u0441\u0442\u0432\u0435\u043d\u043d\u043e\u0433\u043e \u0445\u043b\u043e\u043f\u043a\u043e\u0432\u043e\u0433\u043e \u0442\u0440\u0438\u043a\u043e\u0442\u0430\u0436\u0430 \u0441 \u043d\u0430\u0447\u0451\u0441\u043e\u043c. \u0421\u043e\u0441\u0442\u0430\u0432: \u0424\u0443\u0442\u0435\u0440 \u0442\u0440\u0435\u0445 \u043d\u0438\u0442\u043a\u0430 &#8230; <a title=\"V\u012brie\u0161u hoodie ar augstu kapuci OIL GREEN\" class=\"read-more\" href=\"https:\/\/krassu.la\/lv\/products\/muzhskoj-hudi-s-vysokim-kapyushonom-oil-green\/\" aria-label=\"Read more about \u041c\u0443\u0436\u0441\u043a\u043e\u0439 \u0445\u0443\u0434\u0438 \u0441 \u0432\u044b\u0441\u043e\u043a\u0438\u043c \u043a\u0430\u043f\u044e\u0448\u043e\u043d\u043e\u043c OIL GREEN\">Las\u012bt t\u0101l\u0101k<\/a><\/p>","protected":false},"featured_media":8912,"comment_status":"open","ping_status":"closed","template":"","meta":{"_acf_changed":false},"product_brand":[],"product_cat":[19,24],"product_tag":[],"class_list":{"0":"post-6656","1":"product","2":"type-product","3":"status-publish","4":"has-post-thumbnail","6":"product_cat-muzhskie","7":"product_cat-muzhskie_hoodie","8":"pa_color-oil-green","9":"pa_hood-high-hood","10":"pa_hoodie_sizes-over-2","11":"pa_hoodie_sizes-over-3","12":"pa_hoodie_sizes-3xl-4xl","13":"pa_material_hoodir-warm-fabric","15":"first","16":"outofstock","17":"taxable","18":"shipping-taxable","19":"purchasable","20":"product-type-variable"},"acf":[],"_links":{"self":[{"href":"https:\/\/krassu.la\/lv\/wp-json\/wp\/v2\/product\/6656","targetHints":{"allow":["GET"]}}],"collection":[{"href":"https:\/\/krassu.la\/lv\/wp-json\/wp\/v2\/product"}],"about":[{"href":"https:\/\/krassu.la\/lv\/wp-json\/wp\/v2\/types\/product"}],"replies":[{"embeddable":true,"href":"https:\/\/krassu.la\/lv\/wp-json\/wp\/v2\/comments?post=6656"}],"version-history":[{"count":0,"href":"https:\/\/krassu.la\/lv\/wp-json\/wp\/v2\/product\/6656\/revisions"}],"wp:featuredmedia":[{"embeddable":true,"href":"https:\/\/krassu.la\/lv\/wp-json\/wp\/v2\/media\/8912"}],"wp:attachment":[{"href":"https:\/\/krassu.la\/lv\/wp-json\/wp\/v2\/media?parent=6656"}],"wp:term":[{"taxonomy":"product_brand","embeddable":true,"href":"https:\/\/krassu.la\/lv\/wp-json\/wp\/v2\/product_brand?post=6656"},{"taxonomy":"product_cat","embeddable":true,"href":"https:\/\/krassu.la\/lv\/wp-json\/wp\/v2\/product_cat?post=6656"},{"taxonomy":"product_tag","embeddable":true,"href":"https:\/\/krassu.la\/lv\/wp-json\/wp\/v2\/product_tag?post=6656"}],"curies":[{"name":"wp","href":"https:\/\/api.w.org\/{rel}","templated":true}]}}