{"id":843,"date":"2021-05-26T18:35:24","date_gmt":"2021-05-26T15:35:24","guid":{"rendered":"https:\/?page_id=843"},"modified":"2021-05-29T12:05:55","modified_gmt":"2021-05-29T09:05:55","slug":"pravila-poljzovanija","status":"publish","type":"page","link":"https:\/\/krassu.la\/lv\/pravila-poljzovanija\/","title":{"rendered":"Lieto\u0161anas noteikumi"},"content":{"rendered":"<p>SIA KRASSULA, re\u0123istr\u0101cijas numurs 40203263407, turpm\u0101k tekst\u0101 - \"interneta veikals\", nodro\u0161ina t\u012bmek\u013ca vietn\u0113 pieejamo saturu un sniedz preces\/pakalpojumus saska\u0146\u0101 ar turpm\u0101k izkl\u0101st\u012btajiem lieto\u0161anas noteikumiem.<\/p>\n\n\n\n<p><strong>1. visp\u0101r\u012bgi noteikumi<\/strong><\/p>\n\n\n\n<p>Ja pat\u0113r\u0113t\u0101js ieg\u0101d\u0101jas preci\/pakalpojumu ar m\u0101jas lapas starpniec\u012bbu, \u0161\u0101da savstarp\u0113ja vieno\u0161an\u0101s tiek uzskat\u012bta par Distances l\u012bgumu un uz to attiecas Latvijas Republikas ties\u012bbu akti, kas regul\u0113 distances l\u012bgumu sl\u0113g\u0161anu, tostarp, bet ne tikai, Latvijas Republikas Pat\u0113r\u0113t\u0101ju ties\u012bbu aizsardz\u012bbas likums, Latvijas Republikas Ministru kabineta noteikumi par distances l\u012bgumu sl\u0113g\u0161anu.<\/p>\n\n\n\n<p><strong>2. Iepirkumu veik\u0161ana<\/strong><\/p>\n\n\n\n<p>Interneta veikal\u0101 p\u0101rdoto produktu cenas un specifik\u0101cijas ir nor\u0101d\u012btas blakus produktiem.<\/p>\n\n\n\n<p>Lai pabeigtu pas\u016bt\u012bjumu, pievienojiet v\u0113lamos produktus iepirkumu groz\u0101. Aizpildiet visus nepiecie\u0161amos laukus un izv\u0113lieties piem\u0113rot\u0101ko pieg\u0101des veidu. Ekr\u0101n\u0101 tiek par\u0101d\u012btas kop\u0113j\u0101s pas\u016bt\u012bjuma izmaksas ar pieg\u0101di. Pabeidziet pirkuma maks\u0101jumu, lai pabeigtu pas\u016bt\u012bjumu, kura inform\u0101cija tiks nos\u016bt\u012bta uz nor\u0101d\u012bto e-pasta adresi.<\/p>\n\n\n\n<p><strong>3. Maks\u0101juma noteikumi<\/strong><\/p>\n\n\n\n<p>Maks\u0101jumu val\u016bta vietn\u0113 ir eiro. Par pirkumu varat samaks\u0101t, izv\u0113loties \u0161\u0101das maks\u0101jumu metodes:<\/p>\n\n\n\n<p>- Internetbankas maks\u0101jumi: Swedbank, SEB, Citadele un Luminor<\/p>\n\n\n\n<p>- Visa\/Mastercard maks\u0101jumi<\/p>\n\n\n\n<p>NB! Izmantojot internetbankas maks\u0101jumu metodi, apstipriniet pas\u016bt\u012bjumu un noklik\u0161\u0137iniet uz \"Atgriezties pie tirgot\u0101ja\".<\/p>\n\n\n\n<p>Maks\u0101jumu veik\u0161anai nepiecie\u0161amie personas dati tiek nodoti licenc\u0113tai maks\u0101jumu iest\u0101dei.<\/p>\n\n\n\n<p>L\u012bgums st\u0101jas sp\u0113k\u0101 vienlaic\u012bgi ar veiksm\u012bgu maks\u0101jumu internetveikala bankas kont\u0101. Ja k\u0101da iemesla d\u0113\u013c pas\u016bt\u012bjumu nevar izpild\u012bt, pirc\u0113js tiks inform\u0113ts un samaks\u0101t\u0101 summa tiks atmaks\u0101ta p\u0113c iesp\u0113jas \u0101tr\u0101k, bet ne v\u0113l\u0101k k\u0101 14 dienu laik\u0101 p\u0113c pazi\u0146ojuma sa\u0146em\u0161anas.<\/p>\n\n\n\n<p><strong>4. Pieg\u0101des noteikumi<\/strong><\/p>\n\n\n\n<p>Preces tiek pieg\u0101d\u0101tas uz \u0161\u0101d\u0101m valst\u012bm: Latvija, Lietuva, Igaunija Ieg\u0101d\u0101t\u0101s preces tiek pieg\u0101d\u0101tas, izmantojot: kravu p\u0101rvad\u0101jumu partnerus, veikalu inkaso.<\/p>\n\n\n\n<p>Visas nodevas un nodok\u013cus, kas j\u0101maks\u0101, lai sa\u0146emtu s\u016bt\u012bjumu pre\u010du pieg\u0101des galam\u0113r\u0137\u012b, sedz pirc\u0113js. Pieg\u0101des izmaksas tiek par\u0101d\u012btas pirms pas\u016bt\u012bjuma apstiprin\u0101\u0161anas. Ieg\u0101d\u0101t\u0101s preces tiek pieg\u0101d\u0101tas uz pirc\u0113ja nor\u0101d\u012bto adresi 2-4 darba dienu laik\u0101. Iz\u0146\u0113muma gad\u012bjumos mums ir ties\u012bbas nos\u016bt\u012bt preces uz laiku l\u012bdz 45 kalend\u0101raj\u0101m dien\u0101m, par to neinform\u0113jot klientu.<\/p>\n\n\n\n<p><strong>5. Atteikuma ties\u012bbas<\/strong><\/p>\n\n\n\n<p>Pirc\u0113jam ir ties\u012bbas atteikties no preces 14 kalend\u0101ro dienu laik\u0101 p\u0113c preces sa\u0146em\u0161anas. (Atkar\u012bb\u0101 no preces pirc\u0113jam var neb\u016bt oblig\u0101tu atteikuma ties\u012bbu, un \u0161\u0101d\u0101 gad\u012bjum\u0101 atteikuma iemesls ir skaidri j\u0101nor\u0101da un j\u0101paskaidro). Atteikuma ties\u012bbas nav sp\u0113k\u0101, ja pirc\u0113js ir juridiska persona.<\/p>\n\n\n\n<p>Lai izmantotu 14 dienu atteikuma ties\u012bbas, preces dr\u012bkst izmantot tikai t\u0101m paredz\u0113tajam m\u0113r\u0137im, pat\u0113r\u0113t\u0101js ir atbild\u012bgs par pre\u010du kvalit\u0101ti un dro\u0161\u012bbu atteikuma ties\u012bbu izmanto\u0161anas laik\u0101. Ja prece ir neder\u012bga vai boj\u0101ta lieto\u0161anas laik\u0101, nev\u0113r\u012bgi r\u012bkojoties ar preci vai neiev\u0113rojot nor\u0101d\u012bjumus, ja ir pazaud\u0113ts preces ori\u0123in\u0101lais iepakojums vai ja iepakojums ir b\u016btiski boj\u0101ts, interneta veikalam ir ties\u012bbas samazin\u0101t atmaks\u0101jamo summu atbilsto\u0161i preces v\u0113rt\u012bbas samazin\u0101jumam.<\/p>\n\n\n\n<p>Lai izmantotu atteikuma ties\u012bbas, jums ir j\u0101iesniedz atteikuma veidlapa, kas atrodama \u0161eit: https:\/\/www.ptac.gov.lv\/lv\/media\/100\/download, nos\u016btot to uz e-pasta adresi info@ 14 dienu laik\u0101 p\u0113c pre\u010du sa\u0146em\u0161anas.<\/p>\n\n\n\n<p>Pirc\u0113js sedz pre\u010du atgrie\u0161anas izmaksas, ja vien atgrie\u0161anas iemesls nav pre\u010du neatbilst\u012bba pas\u016bt\u012bjumam (piem\u0113ram, boj\u0101ts vai boj\u0101ts produkts).<\/p>\n\n\n\n<p>Pirc\u0113jam nekav\u0113joties, bet ne v\u0113l\u0101k k\u0101 14 dienu laik\u0101 p\u0113c atteikuma veidlapas nos\u016bt\u012b\u0161anas tie\u0161saistes veikalam, ir j\u0101nos\u016bta Preces atpaka\u013c mazumtirgot\u0101jam. Sa\u0146emot atgriezt\u0101s preces, interneta veikals nekav\u0113joties, bet ne v\u0113l\u0101k k\u0101 14 dienu laik\u0101 atmaks\u0101 no Pirc\u0113ja sa\u0146emtos maks\u0101jumus atpaka\u013c uz maks\u0101jumu karti vai kontu, no kura tika veikts pirkums, pamatojoties uz Distances l\u012bgumu.<\/p>\n\n\n\n<p>P\u0101rdev\u0113jam ir ties\u012bbas aiztur\u0113t maks\u0101jumu l\u012bdz br\u012bdim, kad no pirc\u0113ja tiek sa\u0146emts apstiprin\u0101jums par pre\u010du atgrie\u0161anu vai pre\u010du atgrie\u0161anu.<\/p>\n\n\n\n<p>Interneta veikals nav atbild\u012bgs par jebk\u0101du kav\u0113\u0161anos vai saist\u012bbu neizpildi, vai jebk\u0101da cita veida saist\u012bbu neizpildi, kas radusies apst\u0101k\u013cu un \u0161\u0137\u0113r\u0161\u013cu d\u0113\u013c, kurus interneta veikals nav var\u0113jis ietekm\u0113t.<\/p>\n\n\n\n<p>Interneta veikals patur ties\u012bbas atteikties p\u0101rdot preci un piepras\u012bt pirc\u0113jam atmaks\u0101t naudu, ja interneta veikal\u0101 nor\u0101d\u012bt\u0101 cena ir iev\u0113rojami zem\u0101ka par tirgus cenu.<\/p>\n\n\n\n<p><strong>6. Pat\u0113r\u0113t\u0101ja ties\u012bbas uz neatbilst\u012bgu produktu<\/strong><\/p>\n\n\n\n<p>Pirc\u0113ja pien\u0101kums ir nekav\u0113joties inform\u0113t p\u0101rdev\u0113ju par preces neatbilst\u012bbu 14 dienu laik\u0101 p\u0113c t\u0101s konstat\u0113\u0161anas, t.i., iesniegt s\u016bdz\u012bbu. Pirc\u0113js var iesniegt s\u016bdz\u012bbu, sazinoties ar interneta veikalu, rakstot uz info@.<\/p>\n\n\n\n<p>Interneta veikals nav atbild\u012bgs par defektiem, kas rodas p\u0113c pre\u010du pieg\u0101des pirc\u0113jam. Ja ieg\u0101d\u0101taj\u0101m prec\u0113m ir tr\u016bkumi, par kuriem atbild\u012bgs ir p\u0101rdev\u0113js, pirc\u0113jam ir ties\u012bbas piepras\u012bt, lai preces ar tr\u016bkumiem tiktu izlabotas vai bez maksas apmain\u012btas pret jaun\u0101m prec\u0113m.<\/p>\n\n\n\n<p>Ja preci nav iesp\u0113jams salabot vai nomain\u012bt, p\u0101rdev\u0113js atmaks\u0101 pirc\u0113jam visus maks\u0101jumus, kas paredz\u0113ti Detaliz\u0101cijas l\u012bgum\u0101. P\u0101rdev\u0113js 14 dienu laik\u0101 rakstiski atbild\u0113s uz pat\u0113r\u0113t\u0101ja s\u016bdz\u012bbu.<\/p>\n\n\n\n<p><strong>7. Pirc\u0113ja personas datu apstr\u0101de<\/strong><\/p>\n\n\n\n<p>Interneta veikals apstr\u0101d\u0101 tikai tos personas datus, kurus pirc\u0113js ir ievad\u012bjis, pas\u016btot preces, piem\u0113ram, v\u0101rdu, uzv\u0101rdu, e-pasta adresi utt.<\/p>\n\n\n\n<p>Lai nodro\u0161in\u0101tu pre\u010du pieg\u0101di, tie\u0161saistes veikals nodod personas datus transporta pakalpojumu sniedz\u0113jam(-iem).<\/p>\n\n\n\n<p>Ja esat skaidri piekritis sa\u0146emt m\u016bsu m\u0101rketinga pazi\u0146ojumus, tostarp jaunumus, m\u0113s varam laiku pa laikam sazin\u0101ties ar jums, lai nos\u016bt\u012btu inform\u0101ciju par m\u016bsu pakalpojumiem un jaun\u0101kajiem pied\u0101v\u0101jumiem. \u0160im nol\u016bkam m\u0113s varam apstr\u0101d\u0101t j\u016bsu e-pasta adresi, kuru j\u016bs nor\u0101d\u012bj\u0101t, kad ievad\u012bj\u0101t m\u0101rketinga pazi\u0146ojumu. Pirc\u0113jam ir iesp\u0113ja atteikties no m\u0101rketinga sazi\u0146as, inform\u0113jot m\u016bs par to, rakstot uz info@.<\/p>\n\n\n\n<p><strong>8. Str\u012bdu iz\u0161\u0137ir\u0161anas proced\u016bra<\/strong><\/p>\n\n\n\n<p>Jaut\u0101jumos, kas nav atrun\u0101ti \u0161ajos noteikumos, pirc\u0113js un p\u0101rdev\u0113js ap\u0146emas iev\u0113rot Latvijas Republik\u0101 sp\u0113k\u0101 eso\u0161os normat\u012bvos aktus.<\/p>\n\n\n\n<p>Visus str\u012bdus starp p\u0101rdev\u0113ju un pirc\u0113ju puses risina sarunu vai sarakstes ce\u013c\u0101. Ja str\u012bdu neizdodas atrisin\u0101t p\u0101rrunu vai sarakstes ce\u013c\u0101, pu\u0161u str\u012bds tiek risin\u0101ts Latvijas Republikas ties\u0101 saska\u0146\u0101 ar Latvijas Republikas normat\u012bvajiem aktiem. Str\u012bdus starp pirc\u0113ju (pat\u0113r\u0113t\u0101ju) un p\u0101rdev\u0113ju var nodot iz\u0161\u0137ir\u0161anai Pat\u0113r\u0113t\u0101ju ties\u012bbu aizsardz\u012bbas centr\u0101 vai Latvijas Republikas ties\u0101.<\/p>\n\n\n\n<p>Pirc\u0113jam ir ar\u012b ties\u012bbas v\u0113rsties Eiropas Savien\u012bbas str\u012bdu iz\u0161\u0137ir\u0161anas iest\u0101d\u0113s.<\/p>","protected":false},"excerpt":{"rendered":"<p>SIA \u00abKRASSULA\u00bb, \u0440\u0435\u0433\u0438\u0441\u0442\u0440\u0430\u0446\u0438\u043e\u043d\u043d\u044b\u0439 \u2116 40203263407 , \u0432 \u0434\u0430\u043b\u044c\u043d\u0435\u0439\u0448\u0435\u043c &#8212; \u0438\u043d\u0442\u0435\u0440\u043d\u0435\u0442-\u043c\u0430\u0433\u0430\u0437\u0438\u043d \u2013 \u043e\u0431\u0435\u0441\u043f\u0435\u0447\u0438\u0432\u0430\u0435\u0442 \u0434\u043e\u0441\u0442\u0443\u043f\u043d\u043e\u0435 \u043d\u0430 \u0434\u043e\u043c\u0430\u0448\u043d\u0435\u0439 \u0441\u0442\u0440\u0430\u043d\u0438\u0446\u0435 \u0441\u043e\u0434\u0435\u0440\u0436\u0430\u043d\u0438\u0435 \u0438 \u043f\u0440\u0435\u0434\u043e\u0441\u0442\u0430\u0432\u043b\u044f\u0435\u0442 \u0442\u043e\u0432\u0430\u0440\u044b\/\u0443\u0441\u043b\u0443\u0433\u0438 \u0432 \u0441\u043e\u043e\u0442\u0432\u0435\u0442\u0441\u0442\u0432\u0438\u0438 \u0441 \u0438\u0437\u043b\u043e\u0436\u0435\u043d\u043d\u044b\u043c\u0438 \u043d\u0438\u0436\u0435 \u043f\u0440\u0430\u0432\u0438\u043b\u0430\u043c\u0438 \u0438\u0441\u043f\u043e\u043b\u044c\u0437\u043e\u0432\u0430\u043d\u0438\u044f. 1. \u041e\u0431\u0449\u0438\u0435 \u043f\u0440\u0430\u0432\u0438\u043b\u0430 \u0415\u0441\u043b\u0438 \u043f\u043e\u0442\u0440\u0435\u0431\u0438\u0442\u0435\u043b\u044c \u043f\u0440\u0438 \u043f\u043e\u0441\u0440\u0435\u0434\u043d\u0438\u0447\u0435\u0441\u0442\u0432\u0435 \u0434\u043e\u043c\u0430\u0448\u043d\u0435\u0439 \u0441\u0442\u0440\u0430\u043d\u0438\u0446\u044b \u043f\u0440\u0438\u043e\u0431\u0440\u0435\u0442\u0430\u0435\u0442 \u0442\u043e\u0432\u0430\u0440\u044b\/\u0443\u0441\u043b\u0443\u0433\u0438, \u0442\u043e \u0442\u0430\u043a\u043e\u0435 \u0432\u0437\u0430\u0438\u043c\u043d\u043e\u0435 \u0441\u043e\u0433\u043b\u0430\u0448\u0435\u043d\u0438\u0435 \u0441\u0447\u0438\u0442\u0430\u0435\u0442\u0441\u044f \u0414\u0438\u0441\u0442\u0430\u043d\u0446\u0438\u043e\u043d\u043d\u044b\u043c \u0434\u043e\u0433\u043e\u0432\u043e\u0440\u043e\u043c \u0438 \u043f\u043e\u0434\u043b\u0435\u0436\u0438\u0442 \u043f\u0440\u0430\u0432\u043e\u0432\u044b\u043c \u043d\u043e\u0440\u043c\u0430\u043c \u041b\u0430\u0442\u0432\u0438\u0439\u0441\u043a\u043e\u0439 \u0420\u0435\u0441\u043f\u0443\u0431\u043b\u0438\u043a\u0438, \u0440\u0435\u0433\u0443\u043b\u0438\u0440\u0443\u044e\u0449\u0438\u043c \u0434\u0438\u0441\u0442\u0430\u043d\u0446\u0438\u043e\u043d\u043d\u044b\u0439 \u0434\u043e\u0433\u043e\u0432\u043e\u0440 \u0432 &#8230; <a title=\"Lieto\u0161anas noteikumi\" class=\"read-more\" href=\"https:\/\/krassu.la\/lv\/pravila-poljzovanija\/\" aria-label=\"Read more about \u041f\u0440\u0430\u0432\u0438\u043b\u0430 \u043f\u043e\u043b\u044c\u0437\u043e\u0432\u0430\u043d\u0438\u044f\">Las\u012bt t\u0101l\u0101k<\/a><\/p>","protected":false},"author":1,"featured_media":0,"parent":0,"menu_order":0,"comment_status":"closed","ping_status":"closed","template":"","meta":{"_acf_changed":false,"footnotes":""},"class_list":["post-843","page","type-page","status-publish"],"acf":[],"_links":{"self":[{"href":"https:\/\/krassu.la\/lv\/wp-json\/wp\/v2\/pages\/843","targetHints":{"allow":["GET"]}}],"collection":[{"href":"https:\/\/krassu.la\/lv\/wp-json\/wp\/v2\/pages"}],"about":[{"href":"https:\/\/krassu.la\/lv\/wp-json\/wp\/v2\/types\/page"}],"author":[{"embeddable":true,"href":"https:\/\/krassu.la\/lv\/wp-json\/wp\/v2\/users\/1"}],"replies":[{"embeddable":true,"href":"https:\/\/krassu.la\/lv\/wp-json\/wp\/v2\/comments?post=843"}],"version-history":[{"count":0,"href":"https:\/\/krassu.la\/lv\/wp-json\/wp\/v2\/pages\/843\/revisions"}],"wp:attachment":[{"href":"https:\/\/krassu.la\/lv\/wp-json\/wp\/v2\/media?parent=843"}],"curies":[{"name":"wp","href":"https:\/\/api.w.org\/{rel}","templated":true}]}}