{"id":68,"date":"2021-05-02T12:30:26","date_gmt":"2021-05-02T09:30:26","guid":{"rendered":"https:\/?page_id=68"},"modified":"2023-01-27T21:00:29","modified_gmt":"2023-01-27T18:00:29","slug":"dostavka-i-pravila","status":"publish","type":"page","link":"https:\/\/krassu.la\/lv\/dostavka-i-pravila\/","title":{"rendered":"Pieg\u0101de un noteikumi"},"content":{"rendered":"<h2 class=\"wp-block-heading\" id=\"\u0441\u0442\u043e\u0438\u043c\u043e\u0441\u0442\u044c-\u0434\u043e\u0441\u0442\u0430\u0432\u043a\u0438\">Pieg\u0101des izmaksas<\/h2>\n\n\n\n<p>&nbsp;<\/p>\n\n<table border=\"1\" cellpadding=\"3\" cellspacing=\"0\" class=\"tg\" style=\"border-style:none; height:90px; margin-left:auto; margin-right:auto; width:100%\">\n\t<tbody>\n\t\t<tr>\n\t\t\t<td style=\"height:18px; width:11.9177%\">&nbsp;<\/td>\n\t\t\t<td colspan=\"3\" rowspan=\"1\" style=\"height:18px; text-align:center; width:358px\">\n\t\t\t<p><strong><span style=\"color:#000000\">Latvija<\/span><\/strong><\/p>\n\t\t\t<\/td>\n\t\t\t<td colspan=\"3\" rowspan=\"1\" style=\"height:18px; text-align:center; width:336px\"><strong><span style=\"color:#000000\">Lietuva<\/span><\/strong><\/td>\n\t\t\t<td colspan=\"6\" rowspan=\"1\" style=\"height:18px; text-align:center; width:342px\"><strong><span style=\"color:#000000\">Igaunija<\/span><\/strong><\/td>\n\t\t<\/tr>\n\t\t<tr>\n\t\t\t<td style=\"height:18px; width:11.9177%\">&nbsp;<\/td>\n\t\t\t<td style=\"height:18px; text-align:center; width:113px\"><strong><span style=\"color:#000000\">Venipak<\/span><\/strong><\/td>\n\t\t\t<td style=\"height:18px; text-align:center; width:120px\"><strong><span style=\"color:#000000\">DPD<\/span><\/strong><\/td>\n\t\t\t<td style=\"height:18px; text-align:center; width:106px\"><strong><span style=\"color:#000000\">Omniva<\/span><\/strong><\/td>\n\t\t\t<td style=\"height:18px; text-align:center; width:119px\"><strong><span style=\"color:#000000\">Venipak<\/span><\/strong><\/td>\n\t\t\t<td style=\"height:18px; text-align:center; width:118px\"><strong><span style=\"color:#000000\">DPD<\/span><\/strong><\/td>\n\t\t\t<td style=\"height:18px; text-align:center; width:96px\"><strong><span style=\"color:#000000\">Omniva<\/span><\/strong><\/td>\n\t\t\t<td style=\"height:18px; text-align:center; width:101px\"><strong><span style=\"color:#000000\">Venipak<\/span><\/strong><\/td>\n\t\t\t<td style=\"height:18px; text-align:center; width:104px\"><strong><span style=\"color:#000000\">DPD<\/span><\/strong><\/td>\n\t\t\t<td style=\"height:18px; text-align:center; width:119px\"><strong><span style=\"color:#000000\">Omniva<\/span><\/strong><\/td>\n\t\t<\/tr>\n\t\t<tr>\n\t\t\t<td style=\"height:18px; text-align:right; width:11.9177%\"><strong><span style=\"color:#000000\">Pacomats<\/span><\/strong><\/td>\n\t\t\t<td style=\"height:18px; text-align:center; width:113px\"><span style=\"color:#000000\">2.69<\/span><\/td>\n\t\t\t<td style=\"height:18px; text-align:center; width:120px\"><span style=\"color:#000000\">3.59<\/span><\/td>\n\t\t\t<td style=\"height:18px; text-align:center; width:106px\"><span style=\"color:#000000\">4.09<\/span><\/td>\n\t\t\t<td style=\"height:18px; text-align:center; width:119px\"><span style=\"color:#000000\">3.99<\/span><\/td>\n\t\t\t<td style=\"height:18px; text-align:center; width:118px\"><span style=\"color:#000000\">7.99<\/span><\/td>\n\t\t\t<td style=\"height:18px; text-align:center; width:96px\"><span style=\"color:#000000\">7.99<\/span><\/td>\n\t\t\t<td style=\"height:18px; text-align:center; width:101px\"><span style=\"color:#000000\">3.99<\/span><\/td>\n\t\t\t<td style=\"height:18px; text-align:center; width:104px\"><span style=\"color:#000000\">7.99<\/span><\/td>\n\t\t\t<td style=\"height:18px; text-align:center; width:119px\"><span style=\"color:#000000\">7.99<\/span><\/td>\n\t\t<\/tr>\n\t\t<tr>\n\t\t\t<td style=\"height:18px; text-align:right; width:11.9177%\"><strong><span style=\"color:#000000\">Kurjers<\/span><\/strong><\/td>\n\t\t\t<td style=\"height:18px; text-align:center; width:113px\"><span style=\"color:#000000\">5.99<\/span><\/td>\n\t\t\t<td style=\"height:18px; text-align:center; width:120px\"><span style=\"color:#000000\">7.59<\/span><\/td>\n\t\t\t<td style=\"height:18px; text-align:center; width:106px\"><span style=\"color:#000000\">7.99<\/span><\/td>\n\t\t\t<td style=\"height:18px; text-align:center; width:119px\"><span style=\"color:#000000\">8.99<\/span><\/td>\n\t\t\t<td style=\"height:18px; text-align:center; width:118px\"><span style=\"color:#000000\">8.99<\/span><\/td>\n\t\t\t<td style=\"height:18px; text-align:center; width:96px\"><span style=\"color:#000000\">11.99<\/span><\/td>\n\t\t\t<td style=\"height:18px; text-align:center; width:101px\"><span style=\"color:#000000\">8.99<\/span><\/td>\n\t\t\t<td style=\"height:18px; text-align:center; width:104px\"><span style=\"color:#000000\">8.99<\/span><\/td>\n\t\t\t<td style=\"height:18px; text-align:center; width:119px\"><span style=\"color:#000000\">11.99<\/span><\/td>\n\t\t<\/tr>\n\t\t<tr>\n\t\t\t<td style=\"height:18px; text-align:right; width:11.9177%\"><strong><span style=\"color:#000000\">\u0421\u0430\u043c\u043e\u0432\u044b\u0432\u043e\u0437<\/span><\/strong><\/td>\n\t\t\t<td colspan=\"12\" style=\"height:18px; text-align:center; width:88.0823%\"><strong>Bezmaksas<\/strong><\/td>\n\t\t<\/tr>\n\t<\/tbody>\n<\/table>\n\n<p>&nbsp;<\/p>\n\n\n\n\n<p class=\"has-text-align-center\"><strong>Pas\u016btot veselu kost\u012bmu (vai par summu virs 100,00 \u20ac) - pieg\u0101de no VENIPAK ir BEZMAKSAS! <\/strong><\/p>\n\n\n\n<p class=\"has-text-align-center translation-block\">Ir iesp\u0113jama ar\u012b pieg\u0101de Eiropas robe\u017e\u0101s.<br>L\u016bdzu, <a href=\"https:\/\/\/lv\/kontakty\/\" data-type=\"page\" data-id=\"71\" target=\"_self\">sazinieties ar <a>Sazinieties ar mums, lai ieg\u016btu s\u012bk\u0101ku inform\u0101ciju.<\/p>\n\n\n\n<p class=\"has-text-align-center\">Pieg\u0101de ir iesp\u0113jama ar\u012b Eirop\u0101.<br>L\u016bdzu, <a href=\"https:\/\/\/lv\/kontakty\/\" data-type=\"page\" data-id=\"71\">sazin\u0101ties ar<\/a> mums s\u012bk\u0101ku inform\u0101ciju.<\/p>\n\n\n\n<h2 class=\"wp-block-heading\" id=\"\u043e\u0441\u043d\u043e\u0432\u043d\u044b\u0435-\u043f\u0440\u0430\u0432\u0438\u043b\u0430\">Pamatnoteikumi<\/h2>\n\n\n\n<p><img decoding=\"async\" src=\"https:\/\/danprox.com\/wp-content\/uploads\/2021\/06\/icons8-shirt-100.png\" width=\"50\" height=\"50\" alt=\"\" srcset=\"https:\/\/danprox.com\/wp-content\/uploads\/2021\/06\/icons8-shirt-100.png 80w, https:\/\/danprox.com\/wp-content\/uploads\/2021\/06\/icons8-shirt-100-39x39.png 39w, https:\/\/danprox.com\/wp-content\/uploads\/2021\/06\/icons8-shirt-100-18x18.png 18w, https:\/\/danprox.com\/wp-content\/uploads\/2021\/06\/icons8-shirt-100-25x25.png 25w\">&nbsp;Ieg\u0101d\u0101joties preces \u0161aj\u0101 vietn\u0113, j\u016bs piekr\u012btat lieto\u0161anas noteikumiem un priv\u0101tuma politikai. Kad apmaks\u0101siet savu pas\u016bt\u012bjumu, uz nor\u0101d\u012bto adresi sa\u0146emsiet e-pasta v\u0113stuli ar inform\u0101ciju par pirkumu.<\/p>\n\n\n\n<p><img decoding=\"async\" src=\"https:\/\/danprox.com\/wp-content\/uploads\/2021\/04\/icons8-calendar-14-80.png\" width=\"50\" height=\"50\" alt=\"\" srcset=\"https:\/\/danprox.com\/wp-content\/uploads\/2021\/04\/icons8-calendar-14-80.png 80w, https:\/\/danprox.com\/wp-content\/uploads\/2021\/04\/icons8-calendar-14-80-12x12.png 12w\">&nbsp;Pirc\u0113jam ir ties\u012bbas atteikties no preces 14 dienu laik\u0101 p\u0113c t\u0101s sa\u0146em\u0161anas.<\/p>\n\n\n\n<p><img decoding=\"async\" src=\"https:\/\/danprox.com\/wp-content\/uploads\/2021\/04\/icons8-card-exchange-80.png\" width=\"49\" height=\"49\" alt=\"\" srcset=\"https:\/\/danprox.com\/wp-content\/uploads\/2021\/04\/icons8-card-exchange-80.png 80w, https:\/\/danprox.com\/wp-content\/uploads\/2021\/04\/icons8-card-exchange-80-12x12.png 12w\">&nbsp;Nauda tiks atmaks\u0101ta uz klienta kontu, no kura tika veikts pas\u016bt\u012bjums, 10 dienu laik\u0101 p\u0113c pre\u010du atgrie\u0161anas.<\/p>\n\n\n\n<p><img loading=\"lazy\" decoding=\"async\" src=\"https:\/\/danprox.com\/wp-content\/uploads\/2021\/04\/icons8-business-e-mail-80.png\" width=\"50\" height=\"50\" alt=\"\" srcset=\"https:\/\/danprox.com\/wp-content\/uploads\/2021\/04\/icons8-business-e-mail-80.png 80w, https:\/\/danprox.com\/wp-content\/uploads\/2021\/04\/icons8-business-e-mail-80-12x12.png 12w\">&nbsp;Visas izmaksas, kas saist\u012btas ar pre\u010du atgrie\u0161anu, sedz pirc\u0113js.<\/p>\n\n\n\n<p><img loading=\"lazy\" decoding=\"async\" src=\"https:\/\/danprox.com\/wp-content\/uploads\/2021\/04\/icons8-broken-robot-80.png\" width=\"50\" height=\"50\" alt=\"\" srcset=\"https:\/\/danprox.com\/wp-content\/uploads\/2021\/04\/icons8-broken-robot-80.png 80w, https:\/\/danprox.com\/wp-content\/uploads\/2021\/04\/icons8-broken-robot-80-12x12.png 12w\">&nbsp;Pirc\u0113js nevar atgriezt preces, ja pas\u016bt\u012bto pre\u010du st\u0101voklis neatbilst to st\u0101voklim, k\u0101d\u0101 preces tika nos\u016bt\u012btas klientam (nolietotas, net\u012bras, sapl\u0113stas utt.).<\/p>\n\n\n\n<p><img loading=\"lazy\" decoding=\"async\" width=\"50\" height=\"50\" srcset=\"https:\/\/danprox.com\/wp-content\/uploads\/2021\/04\/icons8-tax-80.png 80w, https:\/\/danprox.com\/wp-content\/uploads\/2021\/04\/icons8-tax-80-12x12.png 12w\" src=\"https:\/\/danprox.com\/wp-content\/uploads\/2021\/04\/icons8-tax-80.png\" alt=\"\">&nbsp;KRASSULA SIA ir ties\u012bga atteikties atmaks\u0101t naudu vai ietur\u0113t da\u013cu naudas, ja prece ir boj\u0101ta vai ja ir pazaud\u0113ts ori\u0123in\u0101lais iepakojums vai tas ir boj\u0101ts.<\/p>","protected":false},"excerpt":{"rendered":"<p>\u0421\u0442\u043e\u0438\u043c\u043e\u0441\u0442\u044c \u0434\u043e\u0441\u0442\u0430\u0432\u043a\u0438 &nbsp; &nbsp; \u041b\u0430\u0442\u0432\u0438\u044f \u041b\u0438\u0442\u0432\u0430 \u042d\u0441\u0442\u043e\u043d\u0438\u044f &nbsp; Venipak DPD Omniva Venipak DPD Omniva Venipak DPD Omniva \u041f\u0430\u043a\u043e\u043c\u0430\u0442\u044b 2.69 3.59 4.09 3.99 7.99 7.99 3.99 7.99 7.99 \u041a\u0443\u0440\u044c\u0435\u0440 5.99 7.59 7.99 8.99 8.99 11.99 8.99 8.99 11.99 \u0421\u0430\u043c\u043e\u0432\u044b\u0432\u043e\u0437 \u0411\u0435\u0441\u043f\u043b\u0430\u0442\u043d\u043e &nbsp; \u041f\u0440\u0438 \u0437\u0430\u043a\u0430\u0437\u0435 \u0446\u0435\u043b\u043e\u0433\u043e \u0445\u0443\u0434\u0438 \u043a\u043e\u0441\u0442\u044e\u043c\u0430 (\u0438\u043b\u0438 \u043d\u0430 \u0441\u0443\u043c\u043c\u0443 \u0441\u0432\u044b\u0448\u0435 100,00 \u0435\u0432\u0440\u043e) &#8212; \u0434\u043e\u0441\u0442\u0430\u0432\u043a\u0430 \u043e\u0442 VENIPAK &#8230; <a title=\"Pieg\u0101de un noteikumi\" class=\"read-more\" href=\"https:\/\/krassu.la\/lv\/dostavka-i-pravila\/\" aria-label=\"Read more about \u0414\u043e\u0441\u0442\u0430\u0432\u043a\u0430 \u0438 \u043f\u0440\u0430\u0432\u0438\u043b\u0430\">Las\u012bt t\u0101l\u0101k<\/a><\/p>","protected":false},"author":1,"featured_media":0,"parent":0,"menu_order":0,"comment_status":"closed","ping_status":"closed","template":"","meta":{"_acf_changed":false,"footnotes":""},"class_list":["post-68","page","type-page","status-publish"],"acf":[],"_links":{"self":[{"href":"https:\/\/krassu.la\/lv\/wp-json\/wp\/v2\/pages\/68","targetHints":{"allow":["GET"]}}],"collection":[{"href":"https:\/\/krassu.la\/lv\/wp-json\/wp\/v2\/pages"}],"about":[{"href":"https:\/\/krassu.la\/lv\/wp-json\/wp\/v2\/types\/page"}],"author":[{"embeddable":true,"href":"https:\/\/krassu.la\/lv\/wp-json\/wp\/v2\/users\/1"}],"replies":[{"embeddable":true,"href":"https:\/\/krassu.la\/lv\/wp-json\/wp\/v2\/comments?post=68"}],"version-history":[{"count":0,"href":"https:\/\/krassu.la\/lv\/wp-json\/wp\/v2\/pages\/68\/revisions"}],"wp:attachment":[{"href":"https:\/\/krassu.la\/lv\/wp-json\/wp\/v2\/media?parent=68"}],"curies":[{"name":"wp","href":"https:\/\/api.w.org\/{rel}","templated":true}]}}