{"id":1214,"date":"2021-07-11T19:21:49","date_gmt":"2021-07-11T16:21:49","guid":{"rendered":"https:\/?page_id=1214"},"modified":"2021-12-18T18:38:22","modified_gmt":"2021-12-18T15:38:22","slug":"o_nas","status":"publish","type":"page","link":"https:\/\/krassu.la\/lv\/o_nas\/","title":{"rendered":"Par z\u012bmolu"},"content":{"rendered":"<p class=\"translation-block\">Krassula - ir z\u012bmols, ko veidojusi v\u0113sture, kur\u0101 pieredze, v\u0113lme rad\u012bt skaistumu un meistar\u012bba ir sapl\u016bdu\u0161as, radot kaut ko jaunu un skaistu.<\/p>\n\n\n\n<p>Tagad Krassula jau var rad\u012bt savus darbi\u0146us, un pirmais no tiem bija&nbsp;<strong>K-HOODIE.<\/strong><\/p>\n\n\n\n<blockquote class=\"wp-block-quote is-style-large is-layout-flow wp-block-quote-is-layout-flow\"><p><\/p><p>Nekas nesp\u0113j izteikt prieku, redzot, ka lietas, ko daru, ne tikai man pat\u012bk, bet ar\u012b g\u016bst arvien liel\u0101ku popularit\u0101ti... iz\u0146emot smaidu m\u016bsu logotip\u0101.<\/p><\/blockquote>\n\n\n\n<div class=\"wp-block-image is-style-rounded\"><figure class=\"alignright size-medium\"><img fetchpriority=\"high\" decoding=\"async\" width=\"300\" height=\"200\" src=\"https:\/\/krassu.la\/wp-content\/uploads\/2021\/05\/36830189_576508532745303_497685820824616960_n-300x200.jpg\" alt=\"\" class=\"wp-image-109\" srcset=\"https:\/\/krassu.la\/wp-content\/uploads\/2021\/05\/36830189_576508532745303_497685820824616960_n-300x200.jpg 300w, https:\/\/krassu.la\/wp-content\/uploads\/2021\/05\/36830189_576508532745303_497685820824616960_n-600x400.jpg 600w, https:\/\/krassu.la\/wp-content\/uploads\/2021\/05\/36830189_576508532745303_497685820824616960_n-1024x683.jpg 1024w, https:\/\/krassu.la\/wp-content\/uploads\/2021\/05\/36830189_576508532745303_497685820824616960_n-768x512.jpg 768w, https:\/\/krassu.la\/wp-content\/uploads\/2021\/05\/36830189_576508532745303_497685820824616960_n-980x654.jpg 980w, https:\/\/krassu.la\/wp-content\/uploads\/2021\/05\/36830189_576508532745303_497685820824616960_n-480x320.jpg 480w, https:\/\/krassu.la\/wp-content\/uploads\/2021\/05\/36830189_576508532745303_497685820824616960_n.jpg 1060w\" sizes=\"(max-width: 300px) 100vw, 300px\" \/><figcaption>Rad\u012bt\u0101ja un dibin\u0101t\u0101ja - Tatjana Krisko<\/figcaption><\/figure><\/div>","protected":false},"excerpt":{"rendered":"<p>\u041e \u0431\u0440\u0435\u043d\u0434\u0435 krassula \u0438 k-hoodie<\/p>","protected":false},"author":1,"featured_media":0,"parent":0,"menu_order":0,"comment_status":"closed","ping_status":"closed","template":"","meta":{"_acf_changed":false,"footnotes":""},"class_list":["post-1214","page","type-page","status-publish"],"acf":[],"_links":{"self":[{"href":"https:\/\/krassu.la\/lv\/wp-json\/wp\/v2\/pages\/1214","targetHints":{"allow":["GET"]}}],"collection":[{"href":"https:\/\/krassu.la\/lv\/wp-json\/wp\/v2\/pages"}],"about":[{"href":"https:\/\/krassu.la\/lv\/wp-json\/wp\/v2\/types\/page"}],"author":[{"embeddable":true,"href":"https:\/\/krassu.la\/lv\/wp-json\/wp\/v2\/users\/1"}],"replies":[{"embeddable":true,"href":"https:\/\/krassu.la\/lv\/wp-json\/wp\/v2\/comments?post=1214"}],"version-history":[{"count":0,"href":"https:\/\/krassu.la\/lv\/wp-json\/wp\/v2\/pages\/1214\/revisions"}],"wp:attachment":[{"href":"https:\/\/krassu.la\/lv\/wp-json\/wp\/v2\/media?parent=1214"}],"curies":[{"name":"wp","href":"https:\/\/api.w.org\/{rel}","templated":true}]}}